{"id":763,"date":"2015-02-08T01:00:34","date_gmt":"2015-02-08T00:00:34","guid":{"rendered":"http:\/\/pubweb.carnet.hr\/kkstenjevec\/?page_id=763"},"modified":"2023-05-14T19:54:32","modified_gmt":"2023-05-14T18:54:32","slug":"pocetna","status":"publish","type":"page","link":"https:\/\/kkstenjevec.hr\/","title":{"rendered":"ZKS,kalendar  natjecanja 2023"},"content":{"rendered":"<h4><\/h4>\n<p>05.03.2023 1 kolo borbe<\/p>\n<p>23.04.2023 1 kolo kate<\/p>\n<p>30.04.2023 2 kolo borbe<\/p>\n<p>13.05.2023 Prvenstvo Zagreba u borbama za sve uzraste<\/p>\n<p>04.06.2023 2 kolo kate<\/p>\n<p>24.09.2023\u00a0 3\u00a0 kolo borbe<\/p>\n<p>29.10.2023\u00a0 3 kolo kate<\/p>\n<p>25.11.2023\u00a0 3 Prvenstvo Zagreba u katama za sve uzraste<\/p>\n<p>U KK Stenjevcu treniraju \u010dlanovi starosti od 4-61g, upis novih \u010dlanova tijekom cijele godine. Dva puta tjedno odr\u017eavamo\u00a0 \u00a0treninge &#8220;karate put zdravlja&#8221;, temelj treninga je temeljito razgibavanje, tjelesna snaga (\u010du\u010dnjevi, sklekovi, trbu\u0161njaci),karate tehnike samoobrane. Treniranjem karatea tro\u0161imo negativnu energiju(agresivnost, mr\u017enja), pretvaramo je u pozitivnu energiju razumijevanja, po\u0161tovanja.<br \/>\nTrener Miro<\/p>\n<p>&nbsp;<\/p>\n<h5><em><span style=\"color: #000000\">\u00a0<\/span><\/em><\/h5>\n<hr \/>\n<h4><span style=\"color: #ff0000\"><b><span style=\"font-family: 'Times New Roman','serif';font-size: 12pt\">\u00a0<\/span><\/b><\/span><\/h4>\n","protected":false},"excerpt":{"rendered":"<p>05.03.2023 1 kolo borbe 23.04.2023 1 kolo kate 30.04.2023 2 kolo borbe 13.05.2023 Prvenstvo Zagreba u borbama za sve uzraste 04.06.2023 2 kolo kate 24.09.2023\u00a0 3\u00a0 kolo borbe 29.10.2023\u00a0 3 kolo kate 25.11.2023\u00a0 3 Prvenstvo Zagreba u katama za sve &hellip;<\/p>\n<p class=\"read-more\"> <a class=\"more-link\" href=\"https:\/\/kkstenjevec.hr\/\"> <span class=\"screen-reader-text\">ZKS,kalendar  natjecanja 2023<\/span> Read More &raquo;<\/a><\/p>\n","protected":false},"author":435,"featured_media":0,"parent":0,"menu_order":0,"comment_status":"closed","ping_status":"closed","template":"","meta":{"footnotes":""},"class_list":["post-763","page","type-page","status-publish","hentry"],"_links":{"self":[{"href":"https:\/\/kkstenjevec.hr\/index.php?rest_route=\/wp\/v2\/pages\/763","targetHints":{"allow":["GET"]}}],"collection":[{"href":"https:\/\/kkstenjevec.hr\/index.php?rest_route=\/wp\/v2\/pages"}],"about":[{"href":"https:\/\/kkstenjevec.hr\/index.php?rest_route=\/wp\/v2\/types\/page"}],"author":[{"embeddable":true,"href":"https:\/\/kkstenjevec.hr\/index.php?rest_route=\/wp\/v2\/users\/435"}],"replies":[{"embeddable":true,"href":"https:\/\/kkstenjevec.hr\/index.php?rest_route=%2Fwp%2Fv2%2Fcomments&post=763"}],"version-history":[{"count":2,"href":"https:\/\/kkstenjevec.hr\/index.php?rest_route=\/wp\/v2\/pages\/763\/revisions"}],"predecessor-version":[{"id":3506,"href":"https:\/\/kkstenjevec.hr\/index.php?rest_route=\/wp\/v2\/pages\/763\/revisions\/3506"}],"wp:attachment":[{"href":"https:\/\/kkstenjevec.hr\/index.php?rest_route=%2Fwp%2Fv2%2Fmedia&parent=763"}],"curies":[{"name":"wp","href":"https:\/\/api.w.org\/{rel}","templated":true}]}}